{"id":271,"date":"2021-02-03T16:02:14","date_gmt":"2021-02-03T15:02:14","guid":{"rendered":"https:\/\/to-projektbau.de\/?page_id=271"},"modified":"2021-03-27T17:07:00","modified_gmt":"2021-03-27T16:07:00","slug":"start","status":"publish","type":"page","link":"https:\/\/to-projektbau.de\/","title":{"rendered":"Start"},"content":{"rendered":"\n<h2 class=\"has-text-align-center has-background wp-block-heading\" style=\"background-color:#f40808\">Trockenbau und Klimadecke Design<\/h2>\n\n\n\n<figure class=\"wp-block-video\"><video height=\"1088\" style=\"aspect-ratio: 1920 \/ 1088;\" width=\"1920\" autoplay loop muted src=\"https:\/\/to-projektbau.de\/wp-content\/uploads\/2021\/02\/to-mp4-1.mp4\" playsinline><\/video><\/figure>\n\n\n\n<p class=\"has-text-align-center has-medium-font-size\">Spezialisiert auf<\/p>\n\n\n\n<p class=\"has-text-align-center has-normal-font-size\">Trockenbau Akustik<\/p>\n\n\n\n<p class=\"has-text-align-center has-normal-font-size\">Trockenbau Schallschutz<\/p>\n\n\n\n<p class=\"has-text-align-center has-normal-font-size\">Trockenbau Brandschutz<\/p>\n\n\n\n<p class=\"has-text-align-center has-normal-font-size\">Trockenbau Klimadecke<\/p>\n\n\n\n<p class=\"has-text-align-center has-normal-font-size\">Als eine Fach Unternehmen f\u00fcr Klimadecken und Trockenbau bieten wir ihnen ein Vielfalt von M\u00f6glichkeiten an Trockenbau Ausf\u00fchrungen.<\/p>\n\n\n\n<p class=\"has-text-align-center\">Sie k\u00f6nnen in Galerie unsere Projekte, Klimadecken und Trockenbau anschauen.<\/p>\n","protected":false},"excerpt":{"rendered":"<p>Trockenbau und Klimadecke Design Spezialisiert auf Trockenbau Akustik Trockenbau Schallschutz Trockenbau Brandschutz Trockenbau Klimadecke Als eine Fach Unternehmen f\u00fcr Klimadecken und Trockenbau bieten wir ihnen ein Vielfalt von M\u00f6glichkeiten an Trockenbau Ausf\u00fchrungen. Sie k\u00f6nnen in Galerie unsere Projekte, Klimadecken und Trockenbau anschauen.<\/p>\n","protected":false},"author":1,"featured_media":0,"parent":0,"menu_order":0,"comment_status":"closed","ping_status":"closed","template":"","meta":{"site-sidebar-layout":"default","site-content-layout":"page-builder","ast-global-header-display":"","ast-main-header-display":"","ast-hfb-above-header-display":"","ast-hfb-below-header-display":"","ast-hfb-mobile-header-display":"","site-post-title":"disabled","ast-breadcrumbs-content":"","ast-featured-img":"disabled","footer-sml-layout":"","theme-transparent-header-meta":"default","adv-header-id-meta":"","stick-header-meta":"","header-above-stick-meta":"","header-main-stick-meta":"","header-below-stick-meta":"","footnotes":""},"class_list":["post-271","page","type-page","status-publish","hentry"],"yoast_head":"<!-- This site is optimized with the Yoast SEO plugin v18.9 - https:\/\/yoast.com\/wordpress\/plugins\/seo\/ -->\n<title>Start - T&amp;O Projektbau GmbH - Trockenbau - Klimadecken - Brandschutz<\/title>\n<meta name=\"description\" content=\"Innenausbau - Akustik - Trockenbau - Klimadecken - Brandschutz - Schallschutz - Ulm\" \/>\n<meta name=\"robots\" content=\"index, follow, max-snippet:-1, max-image-preview:large, max-video-preview:-1\" \/>\n<link rel=\"canonical\" href=\"https:\/\/to-projektbau.de\/\" \/>\n<meta property=\"og:locale\" content=\"de_DE\" \/>\n<meta property=\"og:type\" content=\"article\" \/>\n<meta property=\"og:title\" content=\"Start - T&amp;O Projektbau GmbH - Trockenbau - Klimadecken - Brandschutz\" \/>\n<meta property=\"og:description\" content=\"Innenausbau - Akustik - Trockenbau - Klimadecken - Brandschutz - Schallschutz - Ulm\" \/>\n<meta property=\"og:url\" content=\"https:\/\/to-projektbau.de\/\" \/>\n<meta property=\"og:site_name\" content=\"T&amp;O Projektbau GmbH\" \/>\n<meta property=\"article:modified_time\" content=\"2021-03-27T16:07:00+00:00\" \/>\n<meta name=\"twitter:card\" content=\"summary_large_image\" \/>\n<meta name=\"twitter:label1\" content=\"Gesch\u00e4tzte Lesezeit\" \/>\n\t<meta name=\"twitter:data1\" content=\"1\u00a0Minute\" \/>\n<script type=\"application\/ld+json\" class=\"yoast-schema-graph\">{\"@context\":\"https:\/\/schema.org\",\"@graph\":[{\"@type\":\"WebSite\",\"@id\":\"https:\/\/to-projektbau.de\/#website\",\"url\":\"https:\/\/to-projektbau.de\/\",\"name\":\"T&amp;O Projektbau GmbH\",\"description\":\"Bauen mit Vertrauen\",\"potentialAction\":[{\"@type\":\"SearchAction\",\"target\":{\"@type\":\"EntryPoint\",\"urlTemplate\":\"https:\/\/to-projektbau.de\/?s={search_term_string}\"},\"query-input\":\"required name=search_term_string\"}],\"inLanguage\":\"de\"},{\"@type\":\"WebPage\",\"@id\":\"https:\/\/to-projektbau.de\/#webpage\",\"url\":\"https:\/\/to-projektbau.de\/\",\"name\":\"Start - T&amp;O Projektbau GmbH - Trockenbau - Klimadecken - Brandschutz\",\"isPartOf\":{\"@id\":\"https:\/\/to-projektbau.de\/#website\"},\"datePublished\":\"2021-02-03T15:02:14+00:00\",\"dateModified\":\"2021-03-27T16:07:00+00:00\",\"description\":\"Innenausbau - Akustik - Trockenbau - Klimadecken - Brandschutz - Schallschutz - Ulm\",\"breadcrumb\":{\"@id\":\"https:\/\/to-projektbau.de\/#breadcrumb\"},\"inLanguage\":\"de\",\"potentialAction\":[{\"@type\":\"ReadAction\",\"target\":[\"https:\/\/to-projektbau.de\/\"]}]},{\"@type\":\"BreadcrumbList\",\"@id\":\"https:\/\/to-projektbau.de\/#breadcrumb\",\"itemListElement\":[{\"@type\":\"ListItem\",\"position\":1,\"name\":\"Startseite\",\"item\":\"https:\/\/to-projektbau.de\/\"},{\"@type\":\"ListItem\",\"position\":2,\"name\":\"Start\"}]}]}<\/script>\n<!-- \/ Yoast SEO plugin. -->","yoast_head_json":{"title":"Start - T&amp;O Projektbau GmbH - Trockenbau - Klimadecken - Brandschutz","description":"Innenausbau - Akustik - Trockenbau - Klimadecken - Brandschutz - Schallschutz - Ulm","robots":{"index":"index","follow":"follow","max-snippet":"max-snippet:-1","max-image-preview":"max-image-preview:large","max-video-preview":"max-video-preview:-1"},"canonical":"https:\/\/to-projektbau.de\/","og_locale":"de_DE","og_type":"article","og_title":"Start - T&amp;O Projektbau GmbH - Trockenbau - Klimadecken - Brandschutz","og_description":"Innenausbau - Akustik - Trockenbau - Klimadecken - Brandschutz - Schallschutz - Ulm","og_url":"https:\/\/to-projektbau.de\/","og_site_name":"T&amp;O Projektbau GmbH","article_modified_time":"2021-03-27T16:07:00+00:00","twitter_card":"summary_large_image","twitter_misc":{"Gesch\u00e4tzte Lesezeit":"1\u00a0Minute"},"schema":{"@context":"https:\/\/schema.org","@graph":[{"@type":"WebSite","@id":"https:\/\/to-projektbau.de\/#website","url":"https:\/\/to-projektbau.de\/","name":"T&amp;O Projektbau GmbH","description":"Bauen mit Vertrauen","potentialAction":[{"@type":"SearchAction","target":{"@type":"EntryPoint","urlTemplate":"https:\/\/to-projektbau.de\/?s={search_term_string}"},"query-input":"required name=search_term_string"}],"inLanguage":"de"},{"@type":"WebPage","@id":"https:\/\/to-projektbau.de\/#webpage","url":"https:\/\/to-projektbau.de\/","name":"Start - T&amp;O Projektbau GmbH - Trockenbau - Klimadecken - Brandschutz","isPartOf":{"@id":"https:\/\/to-projektbau.de\/#website"},"datePublished":"2021-02-03T15:02:14+00:00","dateModified":"2021-03-27T16:07:00+00:00","description":"Innenausbau - Akustik - Trockenbau - Klimadecken - Brandschutz - Schallschutz - Ulm","breadcrumb":{"@id":"https:\/\/to-projektbau.de\/#breadcrumb"},"inLanguage":"de","potentialAction":[{"@type":"ReadAction","target":["https:\/\/to-projektbau.de\/"]}]},{"@type":"BreadcrumbList","@id":"https:\/\/to-projektbau.de\/#breadcrumb","itemListElement":[{"@type":"ListItem","position":1,"name":"Startseite","item":"https:\/\/to-projektbau.de\/"},{"@type":"ListItem","position":2,"name":"Start"}]}]}},"uagb_featured_image_src":{"full":false,"thumbnail":false,"medium":false,"medium_large":false,"large":false,"1536x1536":false,"2048x2048":false},"uagb_author_info":{"display_name":"web26365249","author_link":"https:\/\/to-projektbau.de\/?author=1"},"uagb_comment_info":0,"uagb_excerpt":"Trockenbau und Klimadecke Design Spezialisiert auf Trockenbau Akustik Trockenbau Schallschutz Trockenbau Brandschutz Trockenbau Klimadecke Als eine Fach Unternehmen f\u00fcr Klimadecken und Trockenbau bieten wir ihnen ein Vielfalt von M\u00f6glichkeiten an Trockenbau Ausf\u00fchrungen. Sie k\u00f6nnen in Galerie unsere Projekte, Klimadecken und Trockenbau anschauen.","_links":{"self":[{"href":"https:\/\/to-projektbau.de\/index.php?rest_route=\/wp\/v2\/pages\/271","targetHints":{"allow":["GET"]}}],"collection":[{"href":"https:\/\/to-projektbau.de\/index.php?rest_route=\/wp\/v2\/pages"}],"about":[{"href":"https:\/\/to-projektbau.de\/index.php?rest_route=\/wp\/v2\/types\/page"}],"author":[{"embeddable":true,"href":"https:\/\/to-projektbau.de\/index.php?rest_route=\/wp\/v2\/users\/1"}],"replies":[{"embeddable":true,"href":"https:\/\/to-projektbau.de\/index.php?rest_route=%2Fwp%2Fv2%2Fcomments&post=271"}],"version-history":[{"count":0,"href":"https:\/\/to-projektbau.de\/index.php?rest_route=\/wp\/v2\/pages\/271\/revisions"}],"wp:attachment":[{"href":"https:\/\/to-projektbau.de\/index.php?rest_route=%2Fwp%2Fv2%2Fmedia&parent=271"}],"curies":[{"name":"wp","href":"https:\/\/api.w.org\/{rel}","templated":true}]}}