{"id":2,"date":"2021-02-02T10:28:10","date_gmt":"2021-02-02T09:28:10","guid":{"rendered":"https:\/\/to-projektbau.de\/to-projektbau?page_id=2"},"modified":"2022-05-20T18:55:57","modified_gmt":"2022-05-20T16:55:57","slug":"leistungen","status":"publish","type":"page","link":"https:\/\/to-projektbau.de\/?page_id=2","title":{"rendered":"Leistungen"},"content":{"rendered":"\n<p class=\"has-medium-font-size\"><strong>Wir vermitteln Leistungen unser angeschlossener Partner Meisterbetriebe<\/strong>.<\/p>\n\n\n\n<div class=\"wp-block-columns is-layout-flex wp-container-core-columns-is-layout-28f84493 wp-block-columns-is-layout-flex\">\n<div class=\"wp-block-column is-layout-flow wp-block-column-is-layout-flow\">\n<div class=\"wp-block-media-text alignwide is-stacked-on-mobile\" style=\"grid-template-columns:15% auto\"><figure class=\"wp-block-media-text__media\"><img loading=\"lazy\" decoding=\"async\" width=\"512\" height=\"512\" src=\"https:\/\/to-projektbau.de\/to-projektbau\/wp-content\/uploads\/2021\/02\/planung.png\" alt=\"\" class=\"wp-image-193 size-full\" srcset=\"https:\/\/to-projektbau.de\/wp-content\/uploads\/2021\/02\/planung.png 512w, https:\/\/to-projektbau.de\/wp-content\/uploads\/2021\/02\/planung-300x300.png 300w, https:\/\/to-projektbau.de\/wp-content\/uploads\/2021\/02\/planung-150x150.png 150w\" sizes=\"auto, (max-width: 512px) 100vw, 512px\" \/><\/figure><div class=\"wp-block-media-text__content\">\n<blockquote class=\"wp-block-quote is-style-large is-layout-flow wp-block-quote-is-layout-flow\"><p><strong>Planung<\/strong><\/p><\/blockquote>\n\n\n\n<p><strong>Innenausbau \u2013 Akustik , Trockenbau, Klimadecken, Brandschutz<\/strong><\/p>\n\n\n\n<p>Bei uns stehen ihre W\u00fcnsche und Bauvorstellungen von Anfang an oberste Stelle! Aufgrund dessen werden Sie von uns ganz individuell und ziel getreu nach ihren Vorstellungen beraten. Von der Anfangsphase bis zur Fertigstellung der Baustelle stehen wir Ihnen mit Rat und Tat, sowie unsere Fachpersonal zur Seite. Die absolute Kundenzufriedenheit ist unser wichtigstes Ziel,&nbsp; denn wir z\u00e4hlen ausschlie\u00dflich auf Top-Zufriedene Kunden. Auf uns k\u00f6nnen Sie sich Felsenfest verlassen!<\/p>\n\n\n\n<p><\/p>\n<\/div><\/div>\n<\/div>\n\n\n\n<div class=\"wp-block-column is-layout-flow wp-block-column-is-layout-flow\">\n<div class=\"wp-block-media-text alignwide is-stacked-on-mobile\" style=\"grid-template-columns:15% auto\"><figure class=\"wp-block-media-text__media\"><img loading=\"lazy\" decoding=\"async\" width=\"1024\" height=\"703\" src=\"https:\/\/to-projektbau.de\/to-projektbau\/wp-content\/uploads\/2021\/02\/renovierung_header-1024x703.jpg\" alt=\"\" class=\"wp-image-212 size-full\" srcset=\"https:\/\/to-projektbau.de\/wp-content\/uploads\/2021\/02\/renovierung_header-1024x703.jpg 1024w, https:\/\/to-projektbau.de\/wp-content\/uploads\/2021\/02\/renovierung_header-300x206.jpg 300w, https:\/\/to-projektbau.de\/wp-content\/uploads\/2021\/02\/renovierung_header-768x527.jpg 768w, https:\/\/to-projektbau.de\/wp-content\/uploads\/2021\/02\/renovierung_header.jpg 1400w\" sizes=\"auto, (max-width: 1024px) 100vw, 1024px\" \/><\/figure><div class=\"wp-block-media-text__content\">\n<blockquote class=\"wp-block-quote is-style-large is-layout-flow wp-block-quote-is-layout-flow\"><p><strong>Renovierungen<\/strong> <\/p><p><strong>Wir vermitteln Leistungen unser angeschlossener Partner Meisterbetriebe<\/strong><\/p><\/blockquote>\n\n\n\n<p><em>Wir \u00fcbernehmen diverse Renovierungsarbeiten u.a. Bad &amp; WC Sanierung, Fliesenverlegung, Bodenverlegung jeglicher Art, Sanit\u00e4r Installationen, Trockenbauarbeiten, Fester und T\u00fcren Einbau, Maler und Lackierarbeiten, Fassadensanierung, Elektroinstallationen sowie Gewerbe und Altbausanierungen. Wir erstellen Ihnen einen Angebot ganz nach ihren Renovierens Bed\u00fcrfnissen und sorgen f\u00fcr eine Sorglose und Fachgerechte Ausf\u00fchrung der anfallenden Arbeiten.<\/em><\/p>\n<\/div><\/div>\n<\/div>\n<\/div>\n\n\n\n<div class=\"wp-block-columns is-layout-flex wp-container-core-columns-is-layout-28f84493 wp-block-columns-is-layout-flex\">\n<div class=\"wp-block-column is-layout-flow wp-block-column-is-layout-flow\">\n<div class=\"wp-block-media-text alignwide is-stacked-on-mobile\" style=\"grid-template-columns:15% auto\"><figure class=\"wp-block-media-text__media\"><img loading=\"lazy\" decoding=\"async\" width=\"640\" height=\"480\" src=\"https:\/\/to-projektbau.de\/to-projektbau\/wp-content\/uploads\/2021\/02\/beratung.png\" alt=\"\" class=\"wp-image-196 size-full\" srcset=\"https:\/\/to-projektbau.de\/wp-content\/uploads\/2021\/02\/beratung.png 640w, https:\/\/to-projektbau.de\/wp-content\/uploads\/2021\/02\/beratung-300x225.png 300w\" sizes=\"auto, (max-width: 640px) 100vw, 640px\" \/><\/figure><div class=\"wp-block-media-text__content\">\n<blockquote class=\"wp-block-quote is-style-large is-layout-flow wp-block-quote-is-layout-flow\"><p><strong>Beratung<\/strong><\/p><\/blockquote>\n\n\n\n<p><strong>Akustik , Trockenbau, Klimadecken, Brandschutz<\/strong><\/p>\n\n\n\n<p>Eine fachgerechte Beratung ist von Anfang an bei jedem Bauprojekt von besonderer Wichtigkeit. Denn hier beginnt alles und kann oft in B\u00f6sen \u00dcberraschungen enden, wenn man nicht sorgf\u00e4ltig genug und genau plant. Bei uns erhalten Sie eine kostenlose Vorberatung f\u00fcr Ihre Bauprojekte die Sie dann in aller Ruhe durchgehen und \u00fcberpr\u00fcfen k\u00f6nnen. Danach entscheiden Sie selbst ob Sie sich auch von unserer Fachkompetenz \u00fcberzeugen lassen wollen<em>.<\/em><\/p>\n<\/div><\/div>\n\n\n\n<p><\/p>\n<\/div>\n\n\n\n<div class=\"wp-block-column is-layout-flow wp-block-column-is-layout-flow\">\n<div class=\"wp-block-media-text alignwide is-stacked-on-mobile\" style=\"grid-template-columns:15% auto\"><figure class=\"wp-block-media-text__media\"><img loading=\"lazy\" decoding=\"async\" width=\"600\" height=\"450\" src=\"https:\/\/to-projektbau.de\/to-projektbau\/wp-content\/uploads\/2021\/02\/Schiebetuere-3.png\" alt=\"\" class=\"wp-image-210 size-full\" srcset=\"https:\/\/to-projektbau.de\/wp-content\/uploads\/2021\/02\/Schiebetuere-3.png 600w, https:\/\/to-projektbau.de\/wp-content\/uploads\/2021\/02\/Schiebetuere-3-300x225.png 300w\" sizes=\"auto, (max-width: 600px) 100vw, 600px\" \/><\/figure><div class=\"wp-block-media-text__content\">\n<blockquote class=\"wp-block-quote is-style-large is-layout-flow wp-block-quote-is-layout-flow\"><p><strong>Trockenbau<\/strong><\/p><\/blockquote>\n\n\n\n<p><strong>Innenausbau \u2013 Akustik , Trockenbau, Klimadecken, Brandschutz<\/strong><\/p>\n\n\n\n<p>F\u00fcr die richtige Auswahl der Gipsplatten m\u00fcssen Sie wissen, wof\u00fcr sie genau eingesetzt werden sollen, denn auch hier kommt es auf die Funktionalit\u00e4t an. Sollen die Platten im Bad eingesetzt werden und Feuchteschutz besitzen? Sind Brandschutzanforderungen erforderlich? Ist W\u00e4rmed\u00e4mmung wichtig? Es gibt f\u00fcr alle Anwendungsbereiche die richtigen L\u00f6sungen. Wir&nbsp;\u00fcbernehmen auch hier f\u00fcr Sie die richtige Entscheidungen und erledigen alle Arbeiten Fachgerecht.<\/p>\n<\/div><\/div>\n<\/div>\n<\/div>\n\n\n\n<div class=\"wp-block-columns is-layout-flex wp-container-core-columns-is-layout-28f84493 wp-block-columns-is-layout-flex\">\n<div class=\"wp-block-column is-layout-flow wp-block-column-is-layout-flow\">\n<div class=\"wp-block-media-text alignwide is-stacked-on-mobile\" style=\"grid-template-columns:15% auto\"><figure class=\"wp-block-media-text__media\"><img loading=\"lazy\" decoding=\"async\" width=\"512\" height=\"387\" src=\"https:\/\/to-projektbau.de\/to-projektbau\/wp-content\/uploads\/2021\/02\/realizirung512.png\" alt=\"\" class=\"wp-image-204 size-full\" srcset=\"https:\/\/to-projektbau.de\/wp-content\/uploads\/2021\/02\/realizirung512.png 512w, https:\/\/to-projektbau.de\/wp-content\/uploads\/2021\/02\/realizirung512-300x227.png 300w\" sizes=\"auto, (max-width: 512px) 100vw, 512px\" \/><\/figure><div class=\"wp-block-media-text__content\">\n<blockquote class=\"wp-block-quote is-style-large is-layout-flow wp-block-quote-is-layout-flow\"><p><strong>Realisierung<\/strong><\/p><\/blockquote>\n\n\n\n<p>Wenn alle notwenigen Unterlagen sowie Baupl\u00e4ne beschlossen sind, kann es dann mit der Realisierung ihrer Bauprojekte begonnen werden. Wir sorgen in erster Hinsicht auf einen schnellen und reibungslosen Ablauf ihrer Baustelle. Unsere Mitarbeiter werden alle notwendigen Ma\u00dfnahmen in Gang setzen die f\u00fcr die Baustelle erforderlich sind. Dazu z\u00e4hlen u.a. der Aufbau und Absicherung der Baustelle, Werkzeugbereitstellung, Materialbeschaffung, Abrissarbeiten erledigen sowie das Beseitigen von Bauschutt.<\/p>\n<\/div><\/div>\n<\/div>\n<\/div>\n","protected":false},"excerpt":{"rendered":"<p>Wir vermitteln Leistungen unser angeschlossener Partner Meisterbetriebe. Planung Innenausbau \u2013 Akustik , Trockenbau, Klimadecken, Brandschutz Bei uns stehen ihre W\u00fcnsche und Bauvorstellungen von Anfang an oberste Stelle! Aufgrund dessen werden Sie von uns ganz individuell und ziel getreu nach ihren Vorstellungen beraten. Von der Anfangsphase bis zur Fertigstellung der Baustelle stehen wir Ihnen mit Rat &hellip;<\/p>\n<p class=\"read-more\"> <a class=\"\" href=\"https:\/\/to-projektbau.de\/?page_id=2\"> <span class=\"screen-reader-text\">Leistungen<\/span> Weiterlesen &raquo;<\/a><\/p>\n","protected":false},"author":1,"featured_media":0,"parent":0,"menu_order":0,"comment_status":"closed","ping_status":"closed","template":"","meta":{"site-sidebar-layout":"default","site-content-layout":"plain-container","ast-global-header-display":"","ast-main-header-display":"","ast-hfb-above-header-display":"","ast-hfb-below-header-display":"","ast-hfb-mobile-header-display":"","site-post-title":"","ast-breadcrumbs-content":"","ast-featured-img":"","footer-sml-layout":"","theme-transparent-header-meta":"default","adv-header-id-meta":"","stick-header-meta":"","header-above-stick-meta":"","header-main-stick-meta":"","header-below-stick-meta":"","footnotes":""},"class_list":["post-2","page","type-page","status-publish","hentry"],"yoast_head":"<!-- This site is optimized with the Yoast SEO plugin v18.9 - https:\/\/yoast.com\/wordpress\/plugins\/seo\/ -->\n<title>Leistungen - Akustik - Trockenbau - Klimadecken - Brandschutz<\/title>\n<meta name=\"description\" content=\"Innenausbau - Akustik - Trockenbau - Klimadecken - Brandschutz - Schallschutz - Ulm\" \/>\n<meta name=\"robots\" content=\"index, follow, max-snippet:-1, max-image-preview:large, max-video-preview:-1\" \/>\n<link rel=\"canonical\" href=\"https:\/\/to-projektbau.de\/?page_id=2\" \/>\n<meta property=\"og:locale\" content=\"de_DE\" \/>\n<meta property=\"og:type\" content=\"article\" \/>\n<meta property=\"og:title\" content=\"Leistungen - Akustik - Trockenbau - Klimadecken - Brandschutz\" \/>\n<meta property=\"og:description\" content=\"Innenausbau - Akustik - Trockenbau - Klimadecken - Brandschutz - Schallschutz - Ulm\" \/>\n<meta property=\"og:url\" content=\"https:\/\/to-projektbau.de\/?page_id=2\" \/>\n<meta property=\"og:site_name\" content=\"T&amp;O Projektbau GmbH\" \/>\n<meta property=\"article:modified_time\" content=\"2022-05-20T16:55:57+00:00\" \/>\n<meta property=\"og:image\" content=\"https:\/\/to-projektbau.de\/to-projektbau\/wp-content\/uploads\/2021\/02\/planung.png\" \/>\n<meta name=\"twitter:card\" content=\"summary_large_image\" \/>\n<meta name=\"twitter:label1\" content=\"Gesch\u00e4tzte Lesezeit\" \/>\n\t<meta name=\"twitter:data1\" content=\"3\u00a0Minuten\" \/>\n<script type=\"application\/ld+json\" class=\"yoast-schema-graph\">{\"@context\":\"https:\/\/schema.org\",\"@graph\":[{\"@type\":\"WebSite\",\"@id\":\"https:\/\/to-projektbau.de\/#website\",\"url\":\"https:\/\/to-projektbau.de\/\",\"name\":\"T&amp;O Projektbau GmbH\",\"description\":\"Bauen mit Vertrauen\",\"potentialAction\":[{\"@type\":\"SearchAction\",\"target\":{\"@type\":\"EntryPoint\",\"urlTemplate\":\"https:\/\/to-projektbau.de\/?s={search_term_string}\"},\"query-input\":\"required name=search_term_string\"}],\"inLanguage\":\"de\"},{\"@type\":\"ImageObject\",\"inLanguage\":\"de\",\"@id\":\"https:\/\/to-projektbau.de\/?page_id=2#primaryimage\",\"url\":\"https:\/\/to-projektbau.de\/to-projektbau\/wp-content\/uploads\/2021\/02\/planung.png\",\"contentUrl\":\"https:\/\/to-projektbau.de\/to-projektbau\/wp-content\/uploads\/2021\/02\/planung.png\"},{\"@type\":\"WebPage\",\"@id\":\"https:\/\/to-projektbau.de\/?page_id=2#webpage\",\"url\":\"https:\/\/to-projektbau.de\/?page_id=2\",\"name\":\"Leistungen - Akustik - Trockenbau - Klimadecken - Brandschutz\",\"isPartOf\":{\"@id\":\"https:\/\/to-projektbau.de\/#website\"},\"primaryImageOfPage\":{\"@id\":\"https:\/\/to-projektbau.de\/?page_id=2#primaryimage\"},\"datePublished\":\"2021-02-02T09:28:10+00:00\",\"dateModified\":\"2022-05-20T16:55:57+00:00\",\"description\":\"Innenausbau - Akustik - Trockenbau - Klimadecken - Brandschutz - Schallschutz - Ulm\",\"breadcrumb\":{\"@id\":\"https:\/\/to-projektbau.de\/?page_id=2#breadcrumb\"},\"inLanguage\":\"de\",\"potentialAction\":[{\"@type\":\"ReadAction\",\"target\":[\"https:\/\/to-projektbau.de\/?page_id=2\"]}]},{\"@type\":\"BreadcrumbList\",\"@id\":\"https:\/\/to-projektbau.de\/?page_id=2#breadcrumb\",\"itemListElement\":[{\"@type\":\"ListItem\",\"position\":1,\"name\":\"Startseite\",\"item\":\"https:\/\/to-projektbau.de\/\"},{\"@type\":\"ListItem\",\"position\":2,\"name\":\"Leistungen\"}]}]}<\/script>\n<!-- \/ Yoast SEO plugin. -->","yoast_head_json":{"title":"Leistungen - Akustik - Trockenbau - Klimadecken - Brandschutz","description":"Innenausbau - Akustik - Trockenbau - Klimadecken - Brandschutz - Schallschutz - Ulm","robots":{"index":"index","follow":"follow","max-snippet":"max-snippet:-1","max-image-preview":"max-image-preview:large","max-video-preview":"max-video-preview:-1"},"canonical":"https:\/\/to-projektbau.de\/?page_id=2","og_locale":"de_DE","og_type":"article","og_title":"Leistungen - Akustik - Trockenbau - Klimadecken - Brandschutz","og_description":"Innenausbau - Akustik - Trockenbau - Klimadecken - Brandschutz - Schallschutz - Ulm","og_url":"https:\/\/to-projektbau.de\/?page_id=2","og_site_name":"T&amp;O Projektbau GmbH","article_modified_time":"2022-05-20T16:55:57+00:00","og_image":[{"url":"https:\/\/to-projektbau.de\/to-projektbau\/wp-content\/uploads\/2021\/02\/planung.png"}],"twitter_card":"summary_large_image","twitter_misc":{"Gesch\u00e4tzte Lesezeit":"3\u00a0Minuten"},"schema":{"@context":"https:\/\/schema.org","@graph":[{"@type":"WebSite","@id":"https:\/\/to-projektbau.de\/#website","url":"https:\/\/to-projektbau.de\/","name":"T&amp;O Projektbau GmbH","description":"Bauen mit Vertrauen","potentialAction":[{"@type":"SearchAction","target":{"@type":"EntryPoint","urlTemplate":"https:\/\/to-projektbau.de\/?s={search_term_string}"},"query-input":"required name=search_term_string"}],"inLanguage":"de"},{"@type":"ImageObject","inLanguage":"de","@id":"https:\/\/to-projektbau.de\/?page_id=2#primaryimage","url":"https:\/\/to-projektbau.de\/to-projektbau\/wp-content\/uploads\/2021\/02\/planung.png","contentUrl":"https:\/\/to-projektbau.de\/to-projektbau\/wp-content\/uploads\/2021\/02\/planung.png"},{"@type":"WebPage","@id":"https:\/\/to-projektbau.de\/?page_id=2#webpage","url":"https:\/\/to-projektbau.de\/?page_id=2","name":"Leistungen - Akustik - Trockenbau - Klimadecken - Brandschutz","isPartOf":{"@id":"https:\/\/to-projektbau.de\/#website"},"primaryImageOfPage":{"@id":"https:\/\/to-projektbau.de\/?page_id=2#primaryimage"},"datePublished":"2021-02-02T09:28:10+00:00","dateModified":"2022-05-20T16:55:57+00:00","description":"Innenausbau - Akustik - Trockenbau - Klimadecken - Brandschutz - Schallschutz - Ulm","breadcrumb":{"@id":"https:\/\/to-projektbau.de\/?page_id=2#breadcrumb"},"inLanguage":"de","potentialAction":[{"@type":"ReadAction","target":["https:\/\/to-projektbau.de\/?page_id=2"]}]},{"@type":"BreadcrumbList","@id":"https:\/\/to-projektbau.de\/?page_id=2#breadcrumb","itemListElement":[{"@type":"ListItem","position":1,"name":"Startseite","item":"https:\/\/to-projektbau.de\/"},{"@type":"ListItem","position":2,"name":"Leistungen"}]}]}},"uagb_featured_image_src":{"full":false,"thumbnail":false,"medium":false,"medium_large":false,"large":false,"1536x1536":false,"2048x2048":false},"uagb_author_info":{"display_name":"web26365249","author_link":"https:\/\/to-projektbau.de\/?author=1"},"uagb_comment_info":0,"uagb_excerpt":"Wir vermitteln Leistungen unser angeschlossener Partner Meisterbetriebe. Planung Innenausbau \u2013 Akustik , Trockenbau, Klimadecken, Brandschutz Bei uns stehen ihre W\u00fcnsche und Bauvorstellungen von Anfang an oberste Stelle! Aufgrund dessen werden Sie von uns ganz individuell und ziel getreu nach ihren Vorstellungen beraten. Von der Anfangsphase bis zur Fertigstellung der Baustelle stehen wir Ihnen mit Rat&hellip;","_links":{"self":[{"href":"https:\/\/to-projektbau.de\/index.php?rest_route=\/wp\/v2\/pages\/2","targetHints":{"allow":["GET"]}}],"collection":[{"href":"https:\/\/to-projektbau.de\/index.php?rest_route=\/wp\/v2\/pages"}],"about":[{"href":"https:\/\/to-projektbau.de\/index.php?rest_route=\/wp\/v2\/types\/page"}],"author":[{"embeddable":true,"href":"https:\/\/to-projektbau.de\/index.php?rest_route=\/wp\/v2\/users\/1"}],"replies":[{"embeddable":true,"href":"https:\/\/to-projektbau.de\/index.php?rest_route=%2Fwp%2Fv2%2Fcomments&post=2"}],"version-history":[{"count":0,"href":"https:\/\/to-projektbau.de\/index.php?rest_route=\/wp\/v2\/pages\/2\/revisions"}],"wp:attachment":[{"href":"https:\/\/to-projektbau.de\/index.php?rest_route=%2Fwp%2Fv2%2Fmedia&parent=2"}],"curies":[{"name":"wp","href":"https:\/\/api.w.org\/{rel}","templated":true}]}}